{"id":2612,"date":"2025-11-05T20:30:46","date_gmt":"2025-11-05T20:30:46","guid":{"rendered":"https:\/\/novo.impressoesdeminas.com.br\/?page_id=2612"},"modified":"2025-11-07T20:02:09","modified_gmt":"2025-11-07T20:02:09","slug":"sobre","status":"publish","type":"page","link":"https:\/\/novo.impressoesdeminas.com.br\/en\/sobre\/","title":{"rendered":"Sobre"},"content":{"rendered":"<div data-elementor-type=\"wp-page\" data-elementor-id=\"2612\" class=\"elementor elementor-2612\">\n\t\t\t\t\t\t<section class=\"elementor-section elementor-top-section elementor-element elementor-element-e3c1271 elementor-section-full_width elementor-section-height-default elementor-section-height-default qodef-elementor-content-no\" data-id=\"e3c1271\" data-element_type=\"section\">\n\t\t\t\t\t\t<div class=\"elementor-container elementor-column-gap-no\">\n\t\t\t\t\t<div class=\"elementor-column elementor-col-100 elementor-top-column elementor-element elementor-element-393717f\" data-id=\"393717f\" data-element_type=\"column\">\n\t\t\t<div class=\"elementor-widget-wrap elementor-element-populated\">\n\t\t\t\t\t\t<div class=\"elementor-element elementor-element-32ec55d elementor-widget elementor-widget-breton_core_section_title\" data-id=\"32ec55d\" data-element_type=\"widget\" data-widget_type=\"breton_core_section_title.default\">\n\t\t\t\t<div class=\"elementor-widget-container\">\n\t\t\t\t\t<div class=\"qodef-shortcode qodef-m  qodef-section-title qodef-alignment--left  qodef-title--with-border  qodef--has-appear\">\n    \t\t<h2 class=\"qodef-m-title\" >\n\t\t\t\t\tSobre\t\t\t<\/h2>\n\t\t<\/div>\t\t\t\t<\/div>\n\t\t\t\t<\/div>\n\t\t\t\t<div class=\"elementor-element elementor-element-033d897 elementor-widget elementor-widget-text-editor\" data-id=\"033d897\" data-element_type=\"widget\" data-widget_type=\"text-editor.default\">\n\t\t\t\t<div class=\"elementor-widget-container\">\n\t\t\t\t\t\t\t\t\t<h4>Na Impress\u00f5es de Minas editora a produ\u00e7\u00e3o do livro \u00e9 feita toda dentro de casa: da <span style=\"font-family: plantin, sans-serif;\">prepara\u00e7\u00e3o dos originais<\/span> \u00e0 <span style=\"font-family: plantin, sans-serif;\">impress\u00e3o<\/span> at\u00e9 a <span style=\"font-family: plantin, sans-serif;\">distribui\u00e7\u00e3o<\/span>. Atualmente, com um <span style=\"color: #cd2d28;\"><a style=\"color: #cd2d28;\" href=\"https:\/\/novo.impressoesdeminas.com.br\/en\/\">cat\u00e1logo<\/a><\/span> que contempla livros de <span style=\"font-family: plantin, sans-serif;\">poesia<\/span>, <span style=\"font-family: plantin, sans-serif;\">prosa<\/span>, <span style=\"font-family: plantin, sans-serif;\">artes visuais<\/span>, <span style=\"font-family: plantin, sans-serif;\">m\u00fasica<\/span>, <span style=\"font-family: plantin, sans-serif;\">cinema<\/span> &amp; <span style=\"font-family: plantin, sans-serif;\">trabalhos acad\u00eamicos<\/span>, a Impress\u00f5es de Minas \u00e9 uma editora que <span style=\"font-family: plantin, sans-serif;\">imprime<\/span>, uma gr\u00e1fica que <span style=\"font-family: plantin, sans-serif;\">edita<\/span> &amp; uma casa aberta a <span style=\"font-family: plantin, sans-serif;\">colabora\u00e7\u00f5es<\/span> de <span style=\"font-family: plantin, sans-serif;\">autores<\/span>, <span style=\"font-family: plantin, sans-serif;\">editores<\/span> &amp; <span style=\"font-family: plantin, sans-serif;\">artistas gr\u00e1ficos<\/span>. Al\u00e9m disso, a Impress\u00f5es de Minas organiza <span style=\"font-family: plantin, sans-serif;\">cursos<\/span>, <span style=\"font-family: plantin, sans-serif;\">eventos<\/span> &amp; <span style=\"font-family: plantin, sans-serif;\">encontros<\/span> para a divulga\u00e7\u00e3o do livro &amp; das artes gr\u00e1ficas, como as <span style=\"color: #cd2d28;\"><a style=\"color: #cd2d28;\" href=\"https:\/\/novo.impressoesdeminas.com.br\/en\/feiras\/\">feiras<\/a><\/span> Textura &amp; Urucum. Recentemente a editora construiu dentro do pr\u00f3prio territ\u00f3rio de produ\u00e7\u00e3o gr\u00e1fica o: <span style=\"color: #cd2d28;\"><a style=\"color: #cd2d28;\" href=\"https:\/\/novo.impressoesdeminas.com.br\/en\/espaco-impressoes\/\">Espa\u00e7o Impress\u00f5es<\/a><\/span>, um <span style=\"font-family: plantin, sans-serif;\">lugar de encontro<\/span> para pensar, dialogar &amp; difundir produ\u00e7\u00e3o de artes &amp; interm\u00eddias entre a <span style=\"font-family: plantin, sans-serif;\">palavra<\/span>, <span style=\"font-family: plantin, sans-serif;\">som<\/span>, <span style=\"font-family: plantin, sans-serif;\">imagem<\/span> &amp; <span style=\"font-family: plantin, sans-serif;\">movimento<\/span>, tendo o livro como interm\u00e9dio dessa conversa toda. Al\u00e9m disso, o Espa\u00e7o Impress\u00f5es trabalha venda de <span style=\"font-family: plantin, sans-serif;\">livros<\/span>, <span style=\"font-family: plantin, sans-serif;\">zines<\/span>, <span style=\"font-family: plantin, sans-serif;\">plaquetes<\/span> &amp; <span style=\"font-family: plantin, sans-serif;\">artes gr\u00e1ficas<\/span> de editoras &amp; autores independentes do Brasil.\u00a0\u00a0\u00a0<\/h4>\t\t\t\t\t\t\t\t<\/div>\n\t\t\t\t<\/div>\n\t\t\t\t\t<\/div>\n\t\t<\/div>\n\t\t\t\t\t<\/div>\n\t\t<\/section>\n\t\t\t\t<\/div>","protected":false},"excerpt":{"rendered":"<p>Sobre Na Impress\u00f5es de Minas editora a produ\u00e7\u00e3o do livro \u00e9 feita toda dentro de casa: da prepara\u00e7\u00e3o dos originais \u00e0 impress\u00e3o at\u00e9 a distribui\u00e7\u00e3o. Atualmente, com um cat\u00e1logo que contempla livros de poesia, prosa, artes visuais, m\u00fasica, cinema &amp; trabalhos acad\u00eamicos, a Impress\u00f5es de Minas \u00e9 uma editora que imprime, uma gr\u00e1fica que edita [&hellip;]<\/p>","protected":false},"author":1,"featured_media":0,"parent":0,"menu_order":0,"comment_status":"closed","ping_status":"closed","template":"page-full-width.php","meta":{"footnotes":""},"class_list":["post-2612","page","type-page","status-publish","hentry"],"_links":{"self":[{"href":"https:\/\/novo.impressoesdeminas.com.br\/en\/wp-json\/wp\/v2\/pages\/2612","targetHints":{"allow":["GET"]}}],"collection":[{"href":"https:\/\/novo.impressoesdeminas.com.br\/en\/wp-json\/wp\/v2\/pages"}],"about":[{"href":"https:\/\/novo.impressoesdeminas.com.br\/en\/wp-json\/wp\/v2\/types\/page"}],"author":[{"embeddable":true,"href":"https:\/\/novo.impressoesdeminas.com.br\/en\/wp-json\/wp\/v2\/users\/1"}],"replies":[{"embeddable":true,"href":"https:\/\/novo.impressoesdeminas.com.br\/en\/wp-json\/wp\/v2\/comments?post=2612"}],"version-history":[{"count":59,"href":"https:\/\/novo.impressoesdeminas.com.br\/en\/wp-json\/wp\/v2\/pages\/2612\/revisions"}],"predecessor-version":[{"id":2749,"href":"https:\/\/novo.impressoesdeminas.com.br\/en\/wp-json\/wp\/v2\/pages\/2612\/revisions\/2749"}],"wp:attachment":[{"href":"https:\/\/novo.impressoesdeminas.com.br\/en\/wp-json\/wp\/v2\/media?parent=2612"}],"curies":[{"name":"wp","href":"https:\/\/api.w.org\/{rel}","templated":true}]}}