{"id":2614,"date":"2025-11-05T20:31:26","date_gmt":"2025-11-05T20:31:26","guid":{"rendered":"https:\/\/novo.impressoesdeminas.com.br\/?page_id=2614"},"modified":"2025-11-11T19:55:29","modified_gmt":"2025-11-11T19:55:29","slug":"espaco-impressoes","status":"publish","type":"page","link":"https:\/\/novo.impressoesdeminas.com.br\/en\/espaco-impressoes\/","title":{"rendered":"Espa\u00e7o Impress\u00f5es"},"content":{"rendered":"<div data-elementor-type=\"wp-page\" data-elementor-id=\"2614\" class=\"elementor elementor-2614\">\n\t\t\t\t<div class=\"elementor-element elementor-element-e2b4fab e-flex e-con-boxed e-con e-parent\" data-id=\"e2b4fab\" data-element_type=\"container\">\n\t\t\t\t\t<div class=\"e-con-inner\">\n\t\t\t\t<div class=\"elementor-element elementor-element-0adcc56 elementor-widget elementor-widget-breton_core_section_title\" data-id=\"0adcc56\" data-element_type=\"widget\" data-widget_type=\"breton_core_section_title.default\">\n\t\t\t\t<div class=\"elementor-widget-container\">\n\t\t\t\t\t<div class=\"qodef-shortcode qodef-m  qodef-section-title qodef-alignment--left  qodef-title--with-border  qodef--has-appear\">\n    \t\t<h2 class=\"qodef-m-title\" >\n\t\t\t\t\tEspa\u00e7o Impress\u00f5es\t\t\t<\/h2>\n\t\t<\/div>\t\t\t\t<\/div>\n\t\t\t\t<\/div>\n\t\t\t\t<div class=\"elementor-element elementor-element-f1e4b2f elementor-widget elementor-widget-text-editor\" data-id=\"f1e4b2f\" data-element_type=\"widget\" data-widget_type=\"text-editor.default\">\n\t\t\t\t<div class=\"elementor-widget-container\">\n\t\t\t\t\t\t\t\t\t<h4>Inaugurado em 2024, o Espa\u00e7o Impress\u00f5es \u00e9 um espa\u00e7o interm\u00eddia que tem como proposta <span style=\"font-family: plantin, sans-serif;\"><em>divulgar<\/em><\/span>, <span style=\"font-family: plantin, sans-serif;\"><em>fomentar<\/em><\/span>, <span style=\"font-family: plantin, sans-serif;\"><em>dialogar<\/em><\/span> &amp; <span style=\"font-family: plantin, sans-serif;\"><em>pensar<\/em><\/span> sobre o universo da edi\u00e7\u00e3o de livros, das pequenas feiras de publica\u00e7\u00e3o, &amp; sua rela\u00e7\u00e3o com as v\u00e1rias linguagens da arte: <span style=\"font-family: plantin, sans-serif;\"><em>movimento<\/em><\/span>, <span style=\"font-family: plantin, sans-serif;\"><em>som<\/em><\/span>, <span style=\"font-family: plantin, sans-serif;\"><em>imagem<\/em><\/span>, <span style=\"font-family: plantin, sans-serif;\"><em>palavra<\/em><\/span> &amp; <span style=\"font-family: plantin, sans-serif;\"><em>artes gr\u00e1ficas<\/em><\/span>. O Espa\u00e7o Impress\u00f5es fica dentro da nossa oficina gr\u00e1fica, junto com as m\u00e1quinas que fazem os livros da editora, &amp; re\u00fane em um s\u00f3 lugar um ambiente para realiza\u00e7\u00e3o de <span style=\"font-family: plantin, sans-serif;\"><em>cursos<\/em><\/span> &amp; pequenas apresenta\u00e7\u00f5es de <span style=\"font-family: plantin, sans-serif;\"><em>performances<\/em><\/span> &amp; <span style=\"font-family: plantin, sans-serif;\"><em>m\u00fasica<\/em><\/span>, &amp; uma <span style=\"font-family: plantin, sans-serif;\"><em>livraria<\/em><\/span> onde s\u00e3o vendidos os livros da Impress\u00f5es de Minas &amp; tamb\u00e9m de outras editoras &amp; coletivos independentes.<\/h4>\t\t\t\t\t\t\t\t<\/div>\n\t\t\t\t<\/div>\n\t\t\t\t\t<\/div>\n\t\t\t\t<\/div>\n\t\t\t\t<\/div>","protected":false},"excerpt":{"rendered":"<p>Espa\u00e7o Impress\u00f5es Inaugurado em 2024, o Espa\u00e7o Impress\u00f5es \u00e9 um espa\u00e7o interm\u00eddia que tem como proposta divulgar, fomentar, dialogar &amp; pensar sobre o universo da edi\u00e7\u00e3o de livros, das pequenas feiras de publica\u00e7\u00e3o, &amp; sua rela\u00e7\u00e3o com as v\u00e1rias linguagens da arte: movimento, som, imagem, palavra &amp; artes gr\u00e1ficas. O Espa\u00e7o Impress\u00f5es fica dentro da [&hellip;]<\/p>","protected":false},"author":1,"featured_media":0,"parent":0,"menu_order":0,"comment_status":"closed","ping_status":"closed","template":"page-full-width.php","meta":{"footnotes":""},"class_list":["post-2614","page","type-page","status-publish","hentry"],"_links":{"self":[{"href":"https:\/\/novo.impressoesdeminas.com.br\/en\/wp-json\/wp\/v2\/pages\/2614","targetHints":{"allow":["GET"]}}],"collection":[{"href":"https:\/\/novo.impressoesdeminas.com.br\/en\/wp-json\/wp\/v2\/pages"}],"about":[{"href":"https:\/\/novo.impressoesdeminas.com.br\/en\/wp-json\/wp\/v2\/types\/page"}],"author":[{"embeddable":true,"href":"https:\/\/novo.impressoesdeminas.com.br\/en\/wp-json\/wp\/v2\/users\/1"}],"replies":[{"embeddable":true,"href":"https:\/\/novo.impressoesdeminas.com.br\/en\/wp-json\/wp\/v2\/comments?post=2614"}],"version-history":[{"count":7,"href":"https:\/\/novo.impressoesdeminas.com.br\/en\/wp-json\/wp\/v2\/pages\/2614\/revisions"}],"predecessor-version":[{"id":2765,"href":"https:\/\/novo.impressoesdeminas.com.br\/en\/wp-json\/wp\/v2\/pages\/2614\/revisions\/2765"}],"wp:attachment":[{"href":"https:\/\/novo.impressoesdeminas.com.br\/en\/wp-json\/wp\/v2\/media?parent=2614"}],"curies":[{"name":"wp","href":"https:\/\/api.w.org\/{rel}","templated":true}]}}