{"id":2616,"date":"2025-11-05T20:32:05","date_gmt":"2025-11-05T20:32:05","guid":{"rendered":"https:\/\/novo.impressoesdeminas.com.br\/?page_id=2616"},"modified":"2025-11-11T19:45:13","modified_gmt":"2025-11-11T19:45:13","slug":"feiras","status":"publish","type":"page","link":"https:\/\/novo.impressoesdeminas.com.br\/en\/feiras\/","title":{"rendered":"Feiras"},"content":{"rendered":"<div data-elementor-type=\"wp-page\" data-elementor-id=\"2616\" class=\"elementor elementor-2616\">\n\t\t\t\t<div class=\"elementor-element elementor-element-9055f31 e-flex e-con-boxed e-con e-parent\" data-id=\"9055f31\" data-element_type=\"container\">\n\t\t\t\t\t<div class=\"e-con-inner\">\n\t\t\t\t<div class=\"elementor-element elementor-element-8c47f52 elementor-widget elementor-widget-breton_core_section_title\" data-id=\"8c47f52\" data-element_type=\"widget\" data-widget_type=\"breton_core_section_title.default\">\n\t\t\t\t<div class=\"elementor-widget-container\">\n\t\t\t\t\t<div class=\"qodef-shortcode qodef-m  qodef-section-title qodef-alignment--left  qodef-title--with-border  qodef--has-appear\">\n    \t\t<h2 class=\"qodef-m-title\" >\n\t\t\t\t\tFeiras\t\t\t<\/h2>\n\t\t<\/div>\t\t\t\t<\/div>\n\t\t\t\t<\/div>\n\t\t\t\t<div class=\"elementor-element elementor-element-0a139ee elementor-widget elementor-widget-text-editor\" data-id=\"0a139ee\" data-element_type=\"widget\" data-widget_type=\"text-editor.default\">\n\t\t\t\t<div class=\"elementor-widget-container\">\n\t\t\t\t\t\t\t\t\t<h4>Desde 2017 realizamos algumas feiras de livro em Belo Horizonte, dentre elas a feira Textura &amp; a feira Urucum, que se destacou com mais visibilidade no cen\u00e1rio mineiro e brasileiro. Com quatro edi\u00e7\u00f5es j\u00e1 realizadas, a feira contou &amp; conta com a presen\u00e7a de <span style=\"font-family: plantin, sans-serif;\"><em>artistas gr\u00e1ficos<\/em><\/span>, <span style=\"font-family: plantin, sans-serif;\"><em>autores<\/em><\/span> &amp; <span style=\"font-family: plantin, sans-serif;\"><em>editoras independentes<\/em><\/span> do Brasil todo.<\/h4>\t\t\t\t\t\t\t\t<\/div>\n\t\t\t\t<\/div>\n\t\t\t\t\t<\/div>\n\t\t\t\t<\/div>\n\t\t\t\t<\/div>","protected":false},"excerpt":{"rendered":"<p>Feiras Desde 2017 realizamos algumas feiras de livro em Belo Horizonte, dentre elas a feira Textura &amp; a feira Urucum, que se destacou com mais visibilidade no cen\u00e1rio mineiro e brasileiro. Com quatro edi\u00e7\u00f5es j\u00e1 realizadas, a feira contou &amp; conta com a presen\u00e7a de artistas gr\u00e1ficos, autores &amp; editoras independentes do Brasil todo.<\/p>","protected":false},"author":1,"featured_media":0,"parent":0,"menu_order":0,"comment_status":"closed","ping_status":"closed","template":"page-full-width.php","meta":{"footnotes":""},"class_list":["post-2616","page","type-page","status-publish","hentry"],"_links":{"self":[{"href":"https:\/\/novo.impressoesdeminas.com.br\/en\/wp-json\/wp\/v2\/pages\/2616","targetHints":{"allow":["GET"]}}],"collection":[{"href":"https:\/\/novo.impressoesdeminas.com.br\/en\/wp-json\/wp\/v2\/pages"}],"about":[{"href":"https:\/\/novo.impressoesdeminas.com.br\/en\/wp-json\/wp\/v2\/types\/page"}],"author":[{"embeddable":true,"href":"https:\/\/novo.impressoesdeminas.com.br\/en\/wp-json\/wp\/v2\/users\/1"}],"replies":[{"embeddable":true,"href":"https:\/\/novo.impressoesdeminas.com.br\/en\/wp-json\/wp\/v2\/comments?post=2616"}],"version-history":[{"count":11,"href":"https:\/\/novo.impressoesdeminas.com.br\/en\/wp-json\/wp\/v2\/pages\/2616\/revisions"}],"predecessor-version":[{"id":2759,"href":"https:\/\/novo.impressoesdeminas.com.br\/en\/wp-json\/wp\/v2\/pages\/2616\/revisions\/2759"}],"wp:attachment":[{"href":"https:\/\/novo.impressoesdeminas.com.br\/en\/wp-json\/wp\/v2\/media?parent=2616"}],"curies":[{"name":"wp","href":"https:\/\/api.w.org\/{rel}","templated":true}]}}