{"id":2619,"date":"2025-11-05T20:34:17","date_gmt":"2025-11-05T20:34:17","guid":{"rendered":"https:\/\/novo.impressoesdeminas.com.br\/?page_id=2619"},"modified":"2025-11-12T21:24:54","modified_gmt":"2025-11-12T21:24:54","slug":"contato","status":"publish","type":"page","link":"https:\/\/novo.impressoesdeminas.com.br\/en\/contato\/","title":{"rendered":"Contato"},"content":{"rendered":"<div data-elementor-type=\"wp-page\" data-elementor-id=\"2619\" class=\"elementor elementor-2619\">\n\t\t\t\t<div class=\"elementor-element elementor-element-8d38f2c e-con-full e-flex e-con e-parent\" data-id=\"8d38f2c\" data-element_type=\"container\">\n\t\t\t\t<div class=\"elementor-element elementor-element-5a97782 elementor-widget elementor-widget-breton_core_section_title\" data-id=\"5a97782\" data-element_type=\"widget\" data-widget_type=\"breton_core_section_title.default\">\n\t\t\t\t<div class=\"elementor-widget-container\">\n\t\t\t\t\t<div class=\"qodef-shortcode qodef-m  qodef-section-title qodef-alignment--left  qodef-title--with-border  qodef--has-appear\">\n    \t\t<h2 class=\"qodef-m-title\" >\n\t\t\t\t\tContato\t\t\t<\/h2>\n\t\t<\/div>\t\t\t\t<\/div>\n\t\t\t\t<\/div>\n\t\t\t\t<\/div>\n\t\t<div class=\"elementor-element elementor-element-33caed7 e-grid elementor-hidden-mobile e-con-boxed e-con e-parent\" data-id=\"33caed7\" data-element_type=\"container\">\n\t\t\t\t\t<div class=\"e-con-inner\">\n\t\t\t\t<div class=\"elementor-element elementor-element-ffd0862 elementor-widget elementor-widget-text-editor\" data-id=\"ffd0862\" data-element_type=\"widget\" data-widget_type=\"text-editor.default\">\n\t\t\t\t<div class=\"elementor-widget-container\">\n\t\t\t\t\t\t\t\t\t<p><span class=\"s1\">Favor preencher o formul\u00e1rio ou, se preferir, entre em contato a partir de um dos meios a seguir:<\/span><\/p><p><span class=\"s1\"><span style=\"color: #cd2d28;\">E-mail<\/span><br \/><span style=\"color: #000000;\"><a style=\"color: #000000;\" href=\"mailto:contato@impressoesdeminas.com.br\" target=\"_blank\" rel=\"noopener\">contato@impress\u00f5esdeminas.com.br<\/a><\/span><\/span><\/p><p><span class=\"s1\"><span style=\"color: #cd2d28;\">Telefone<\/span><br \/><\/span><span class=\"s1\">(31) 3492 2383<\/span><\/p><p><span class=\"s1\"><span style=\"color: #cd2d28;\">Endere\u00e7o<\/span><br \/><\/span><span class=\"s1\">Rua Bueno Brand\u00e3o, 80<br \/><\/span><span class=\"s1\">Loja 2 \u2013 Floresta<br \/><\/span><span class=\"s1\">Belo Horizonte \u2013 MG<\/span><\/p>\t\t\t\t\t\t\t\t<\/div>\n\t\t\t\t<\/div>\n\t\t\t\t<div class=\"elementor-element elementor-element-3d809da elementor-widget elementor-widget-qi_addons_for_elementor_contact_form_7\" data-id=\"3d809da\" data-element_type=\"widget\" data-widget_type=\"qi_addons_for_elementor_contact_form_7.default\">\n\t\t\t\t<div class=\"elementor-widget-container\">\n\t\t\t\t\t<div class=\"qodef-shortcode qodef-m qodef-qi-contact-form-7\">\n\t\n<div class=\"wpcf7 no-js\" id=\"wpcf7-f704-o1\" lang=\"en-US\" dir=\"ltr\" data-wpcf7-id=\"704\">\n<div class=\"screen-reader-response\"><p role=\"status\" aria-live=\"polite\" aria-atomic=\"true\"><\/p> <ul><\/ul><\/div>\n<form action=\"\/en\/wp-json\/wp\/v2\/pages\/2619#wpcf7-f704-o1\" method=\"post\" class=\"wpcf7-form init\" aria-label=\"Contact form\" novalidate=\"novalidate\" data-status=\"init\" data-trp-original-action=\"\/en\/wp-json\/wp\/v2\/pages\/2619#wpcf7-f704-o1\">\n<fieldset class=\"hidden-fields-container\"><input type=\"hidden\" name=\"_wpcf7\" value=\"704\" \/><input type=\"hidden\" name=\"_wpcf7_version\" value=\"6.1.4\" \/><input type=\"hidden\" name=\"_wpcf7_locale\" value=\"en_US\" \/><input type=\"hidden\" name=\"_wpcf7_unit_tag\" value=\"wpcf7-f704-o1\" \/><input type=\"hidden\" name=\"_wpcf7_container_post\" value=\"0\" \/><input type=\"hidden\" name=\"_wpcf7_posted_data_hash\" value=\"\" \/>\n<\/fieldset>\n<span class=\"wpcf7-form-control-wrap\" data-name=\"your-name\"><input size=\"40\" maxlength=\"400\" class=\"wpcf7-form-control wpcf7-text wpcf7-validates-as-required\" aria-required=\"true\" aria-invalid=\"false\" placeholder=\"Nome\" value=\"\" type=\"text\" name=\"your-name\" \/><\/span>\n<span class=\"wpcf7-form-control-wrap\" data-name=\"your-email\"><input size=\"40\" maxlength=\"400\" class=\"wpcf7-form-control wpcf7-email wpcf7-validates-as-required wpcf7-text wpcf7-validates-as-email\" aria-required=\"true\" aria-invalid=\"false\" placeholder=\"E-mail\" value=\"\" type=\"email\" name=\"your-email\" \/><\/span>\n<span class=\"wpcf7-form-control-wrap\" data-name=\"your-message\"><textarea cols=\"40\" rows=\"10\" maxlength=\"2000\" class=\"wpcf7-form-control wpcf7-textarea\" aria-invalid=\"false\" placeholder=\"Mensagem\" name=\"your-message\"><\/textarea><\/span>\n<button class=\"wpcf7-form-control wpcf7-submit qodef-button qodef-size--normal qodef-type--filled qodef-m\" type=\"submit\"><span class=\"qodef-m-text\">Enviar<\/span><\/button><div class=\"wpcf7-response-output\" aria-hidden=\"true\"><\/div>\n<input type=\"hidden\" name=\"trp-form-language\" value=\"en\"\/><\/form>\n<\/div>\n<\/div>\n\t\t\t\t<\/div>\n\t\t\t\t<\/div>\n\t\t\t\t\t<\/div>\n\t\t\t\t<\/div>\n\t\t<div class=\"elementor-element elementor-element-34f6a07 elementor-hidden-desktop elementor-hidden-tablet e-flex e-con-boxed e-con e-parent\" data-id=\"34f6a07\" data-element_type=\"container\">\n\t\t\t\t\t<div class=\"e-con-inner\">\n\t\t\t\t<div class=\"elementor-element elementor-element-21d3c1d elementor-widget elementor-widget-text-editor\" data-id=\"21d3c1d\" data-element_type=\"widget\" data-widget_type=\"text-editor.default\">\n\t\t\t\t<div class=\"elementor-widget-container\">\n\t\t\t\t\t\t\t\t\t<p><span class=\"s1\">Favor preencher o formul\u00e1rio ou, se preferir, entre em contato a partir de um dos meios a seguir:<\/span><\/p><p><span class=\"s1\"><span style=\"color: #cd2d28;\">E-mail<\/span><br \/><span style=\"color: #000000;\"><a style=\"color: #000000;\" href=\"mailto:contato@impressoesdeminas.com.br\" target=\"_blank\" rel=\"noopener\">contato@impress\u00f5esdeminas.com.br<\/a><\/span><\/span><\/p><p><span class=\"s1\"><span style=\"color: #cd2d28;\">Telefone<\/span><br \/><\/span><span class=\"s1\">(31) 3492 2383<\/span><\/p><p><span class=\"s1\"><span style=\"color: #cd2d28;\">Endere\u00e7o<\/span><br \/><\/span><span class=\"s1\">Rua Bueno Brand\u00e3o, 80<br \/><\/span><span class=\"s1\">Loja 2 \u2013 Floresta<br \/><\/span><span class=\"s1\">Belo Horizonte \u2013 MG<\/span><\/p>\t\t\t\t\t\t\t\t<\/div>\n\t\t\t\t<\/div>\n\t\t\t\t<div class=\"elementor-element elementor-element-fbc2e9d elementor-widget elementor-widget-qi_addons_for_elementor_contact_form_7\" data-id=\"fbc2e9d\" data-element_type=\"widget\" data-widget_type=\"qi_addons_for_elementor_contact_form_7.default\">\n\t\t\t\t<div class=\"elementor-widget-container\">\n\t\t\t\t\t<div class=\"qodef-shortcode qodef-m qodef-qi-contact-form-7\">\n\t\n<div class=\"wpcf7 no-js\" id=\"wpcf7-f704-o2\" lang=\"en-US\" dir=\"ltr\" data-wpcf7-id=\"704\">\n<div class=\"screen-reader-response\"><p role=\"status\" aria-live=\"polite\" aria-atomic=\"true\"><\/p> <ul><\/ul><\/div>\n<form action=\"\/en\/wp-json\/wp\/v2\/pages\/2619#wpcf7-f704-o2\" method=\"post\" class=\"wpcf7-form init\" aria-label=\"Contact form\" novalidate=\"novalidate\" data-status=\"init\" data-trp-original-action=\"\/en\/wp-json\/wp\/v2\/pages\/2619#wpcf7-f704-o2\">\n<fieldset class=\"hidden-fields-container\"><input type=\"hidden\" name=\"_wpcf7\" value=\"704\" \/><input type=\"hidden\" name=\"_wpcf7_version\" value=\"6.1.4\" \/><input type=\"hidden\" name=\"_wpcf7_locale\" value=\"en_US\" \/><input type=\"hidden\" name=\"_wpcf7_unit_tag\" value=\"wpcf7-f704-o2\" \/><input type=\"hidden\" name=\"_wpcf7_container_post\" value=\"0\" \/><input type=\"hidden\" name=\"_wpcf7_posted_data_hash\" value=\"\" \/>\n<\/fieldset>\n<span class=\"wpcf7-form-control-wrap\" data-name=\"your-name\"><input size=\"40\" maxlength=\"400\" class=\"wpcf7-form-control wpcf7-text wpcf7-validates-as-required\" aria-required=\"true\" aria-invalid=\"false\" placeholder=\"Nome\" value=\"\" type=\"text\" name=\"your-name\" \/><\/span>\n<span class=\"wpcf7-form-control-wrap\" data-name=\"your-email\"><input size=\"40\" maxlength=\"400\" class=\"wpcf7-form-control wpcf7-email wpcf7-validates-as-required wpcf7-text wpcf7-validates-as-email\" aria-required=\"true\" aria-invalid=\"false\" placeholder=\"E-mail\" value=\"\" type=\"email\" name=\"your-email\" \/><\/span>\n<span class=\"wpcf7-form-control-wrap\" data-name=\"your-message\"><textarea cols=\"40\" rows=\"10\" maxlength=\"2000\" class=\"wpcf7-form-control wpcf7-textarea\" aria-invalid=\"false\" placeholder=\"Mensagem\" name=\"your-message\"><\/textarea><\/span>\n<button class=\"wpcf7-form-control wpcf7-submit qodef-button qodef-size--normal qodef-type--filled qodef-m\" type=\"submit\"><span class=\"qodef-m-text\">Enviar<\/span><\/button><div class=\"wpcf7-response-output\" aria-hidden=\"true\"><\/div>\n<input type=\"hidden\" name=\"trp-form-language\" value=\"en\"\/><\/form>\n<\/div>\n<\/div>\n\t\t\t\t<\/div>\n\t\t\t\t<\/div>\n\t\t\t\t\t<\/div>\n\t\t\t\t<\/div>\n\t\t\t\t<\/div>","protected":false},"excerpt":{"rendered":"<p>Contato Favor preencher o formul\u00e1rio ou, se preferir, entre em contato a partir de um dos meios a seguir: E-mailcontato@impress\u00f5esdeminas.com.br Telefone(31) 3492 2383 Endere\u00e7oRua Bueno Brand\u00e3o, 80Loja 2 \u2013 FlorestaBelo Horizonte \u2013 MG Submit Favor preencher o formul\u00e1rio ou, se preferir, entre em contato a partir de um dos meios a seguir: E-mailcontato@impress\u00f5esdeminas.com.br Telefone(31) 3492 [&hellip;]<\/p>","protected":false},"author":1,"featured_media":0,"parent":0,"menu_order":0,"comment_status":"closed","ping_status":"closed","template":"page-full-width.php","meta":{"footnotes":""},"class_list":["post-2619","page","type-page","status-publish","hentry"],"_links":{"self":[{"href":"https:\/\/novo.impressoesdeminas.com.br\/en\/wp-json\/wp\/v2\/pages\/2619","targetHints":{"allow":["GET"]}}],"collection":[{"href":"https:\/\/novo.impressoesdeminas.com.br\/en\/wp-json\/wp\/v2\/pages"}],"about":[{"href":"https:\/\/novo.impressoesdeminas.com.br\/en\/wp-json\/wp\/v2\/types\/page"}],"author":[{"embeddable":true,"href":"https:\/\/novo.impressoesdeminas.com.br\/en\/wp-json\/wp\/v2\/users\/1"}],"replies":[{"embeddable":true,"href":"https:\/\/novo.impressoesdeminas.com.br\/en\/wp-json\/wp\/v2\/comments?post=2619"}],"version-history":[{"count":107,"href":"https:\/\/novo.impressoesdeminas.com.br\/en\/wp-json\/wp\/v2\/pages\/2619\/revisions"}],"predecessor-version":[{"id":2889,"href":"https:\/\/novo.impressoesdeminas.com.br\/en\/wp-json\/wp\/v2\/pages\/2619\/revisions\/2889"}],"wp:attachment":[{"href":"https:\/\/novo.impressoesdeminas.com.br\/en\/wp-json\/wp\/v2\/media?parent=2619"}],"curies":[{"name":"wp","href":"https:\/\/api.w.org\/{rel}","templated":true}]}}