{"id":2411,"date":"2025-07-09T19:24:15","date_gmt":"2025-07-09T19:24:15","guid":{"rendered":"https:\/\/novo.impressoesdeminas.com.br\/?post_type=product&#038;p=2411"},"modified":"2025-10-24T17:39:09","modified_gmt":"2025-10-24T17:39:09","slug":"mascaras-de-pele-tecido-e-titanio","status":"publish","type":"product","link":"https:\/\/novo.impressoesdeminas.com.br\/en\/product\/mascaras-de-pele-tecido-e-titanio\/","title":{"rendered":"M\u00e1scaras de pele, tecido e tit\u00e2nio"},"content":{"rendered":"<p><span style=\"color: #cd2d28;\">dimens\u00f5es<\/span>\u00a0\u200214 \u00d7 21 cm<\/p>\n<p><span style=\"color: #cd2d28;\">autor<\/span>\u2002Daniela Funez<\/p>\n<p><span style=\"color: #cd2d28;\">g\u00eanero<\/span>\u2002Romance<\/p>\n<p><span style=\"color: #cd2d28;\">p\u00e1ginas<\/span>\u2002240<\/p>\n<p><span style=\"color: #cd2d28;\">ano<\/span>\u20022025<\/p>\n<p><span style=\"color: #cd2d28;\">isbn<\/span>\u2002978-65-86729-91-7<\/p>","protected":false},"excerpt":{"rendered":"<p>\u201cM\u00e1scaras de pele, tecido e tit\u00e2nio\u201d \u00e9 um romance pand\u00eamico, que come\u00e7ou a ser escrito durante uma viagem pela Europa no meio da explos\u00e3o da variante \u00d4micron, com lugares reabertos e refechados, testes, burocracias e a sensa\u00e7\u00e3o constante de estranheza, de ser um corpo estranho em um lugar estrangeiro, e vice-versa, num mix de fic\u00e7\u00e3o cient\u00edfica e relato de viagem semiautobiogr\u00e1fico. Viajando enquanto tenta escrever uma distopia cyberpunk bem convencional e clich\u00ea, a escritora se percebe parte de um turismo destrutivo em um continente atrasado, mas que quer posar de s\u00edmbolo de progresso. Como uma pessoa trans, ela n\u00e3o \u00e9 uma estranha apenas enquanto atravessa esta\u00e7\u00f5es de trem desorganizadas, fiordes e ru\u00ednas de antes do ano um, mas tamb\u00e9m \u00e9 estranha em sua pr\u00f3pria cidade e c\u00edrculo social, carregando essa sensa\u00e7\u00e3o para a hist\u00f3ria de a\u00e7\u00e3o futurista que \u00e9 constru\u00edda no decorrer do livro.<\/p>","protected":false},"featured_media":2414,"template":"","meta":[],"product_brand":[],"product_cat":[85],"product_tag":[],"class_list":{"0":"post-2411","1":"product","2":"type-product","3":"status-publish","4":"has-post-thumbnail","6":"product_cat-romance","8":"first","9":"instock","10":"shipping-taxable","11":"purchasable","12":"product-type-simple"},"_links":{"self":[{"href":"https:\/\/novo.impressoesdeminas.com.br\/en\/wp-json\/wp\/v2\/product\/2411","targetHints":{"allow":["GET"]}}],"collection":[{"href":"https:\/\/novo.impressoesdeminas.com.br\/en\/wp-json\/wp\/v2\/product"}],"about":[{"href":"https:\/\/novo.impressoesdeminas.com.br\/en\/wp-json\/wp\/v2\/types\/product"}],"version-history":[{"count":0,"href":"https:\/\/novo.impressoesdeminas.com.br\/en\/wp-json\/wp\/v2\/product\/2411\/revisions"}],"wp:featuredmedia":[{"embeddable":true,"href":"https:\/\/novo.impressoesdeminas.com.br\/en\/wp-json\/wp\/v2\/media\/2414"}],"wp:attachment":[{"href":"https:\/\/novo.impressoesdeminas.com.br\/en\/wp-json\/wp\/v2\/media?parent=2411"}],"wp:term":[{"taxonomy":"product_brand","embeddable":true,"href":"https:\/\/novo.impressoesdeminas.com.br\/en\/wp-json\/wp\/v2\/product_brand?post=2411"},{"taxonomy":"product_cat","embeddable":true,"href":"https:\/\/novo.impressoesdeminas.com.br\/en\/wp-json\/wp\/v2\/product_cat?post=2411"},{"taxonomy":"product_tag","embeddable":true,"href":"https:\/\/novo.impressoesdeminas.com.br\/en\/wp-json\/wp\/v2\/product_tag?post=2411"}],"curies":[{"name":"wp","href":"https:\/\/api.w.org\/{rel}","templated":true}]}}