{"id":2446,"date":"2025-10-23T18:56:45","date_gmt":"2025-10-23T18:56:45","guid":{"rendered":"https:\/\/novo.impressoesdeminas.com.br\/?post_type=product&#038;p=2446"},"modified":"2025-10-24T17:45:33","modified_gmt":"2025-10-24T17:45:33","slug":"pontos-perdidos","status":"publish","type":"product","link":"https:\/\/novo.impressoesdeminas.com.br\/en\/product\/pontos-perdidos\/","title":{"rendered":"Pontos perdidos"},"content":{"rendered":"<p><span style=\"color: #cd2d28;\">dimens\u00f5es<\/span>\u200214 \u00d7 20 cm<\/p>\n<p><span style=\"color: #cd2d28;\">autora<\/span>\u2002Deborah R. Sousa<\/p>\n<p><span style=\"color: #cd2d28;\">g\u00eanero<\/span>\u2002Poesia<\/p>\n<p><span style=\"color: #cd2d28;\">p\u00e1ginas<\/span>\u2002172<\/p>\n<p><span style=\"color: #cd2d28;\">isbn<\/span>\u2002978-85-61612-96-0<\/p>\n<p><span style=\"color: #cd2d28;\">ano<\/span>\u20022025<\/p>\n<p><span style=\"color: #cd2d28;\">acabamento<\/span>\u2002Capa com corte especial<\/p>","protected":false},"excerpt":{"rendered":"<p>\u201cPonto partido\u201d \u00e9 o nome de uma t\u00e9cnica do ponto de cruz na qual s\u00e3o usados pontos em forma de X, pr\u00e1tica sobretudo praticada por mulheres, que comp\u00f5em a cultura popular brasileira. A partir dos m\u00faltiplos significados que o nome desse ponto nos permite tecer e de mem\u00f3rias de inf\u00e2ncia compostas por m\u00e3os femininas sempre bordando e criando, surge um romance escrito em fragmentos cujo conte\u00fado ficcional busca resgatar as mem\u00f3rias de uma neta ap\u00f3s o falecimento de sua av\u00f3, mulher envolvida com os trabalhos manuais. Pontos perdidos, de Deborah R. Sousa, apresenta uma narrativa que parte da aus\u00eancia para se construir. Maria Helena, a personagem principal, despeja pensamentos e observa\u00e7\u00f5es sobre as faltas que percebe ao seu redor ao longo do seu cotidiano. Sua av\u00f3, que sofria com uma dem\u00eancia senil, acaba de falecer e deixa para tr\u00e1s um emaranhado de hist\u00f3rias familiares e seu trabalho manual, que s\u00e3o os gatilhos para a hist\u00f3ria se desenvolver. A partir disso, se inicia uma busca pelos v\u00e3os desconhecidos da hist\u00f3ria de sua av\u00f3 e de sua pr\u00f3pria trajet\u00f3ria no mundo como mulher. O fim de um relacionamento e corpo feminino em perspectiva com a cidade, com o outro, com as fases da vida e do ciclo hormonal s\u00e3o o pano de fundo para um romance n\u00e3o linear que se constr\u00f3i. Uma narrativa escrita em fragmentos em que acontecimentos e mem\u00f3rias s\u00e3o despejadas para que o leitor te\u00e7a suas identifica\u00e7\u00f5es e conhe\u00e7a muitas hist\u00f3rias invis\u00edveis. Nessa jornada de busca e reflex\u00e3o, a personagem principal descobre aspectos de sua hist\u00f3ria que foram apagados \u2013 como a descend\u00eancia de uma bisav\u00f3 pertencente aos povos origin\u00e1rios brasileiros, de que nunca tinha ouvido falar e, por conseguinte, de si pr\u00f3pria e da vida que coabita ao seu redor. Essas viv\u00eancias s\u00e3o colocadas em perspectiva com seu corpo, seus relacionamentos e com a cidade tais como aparecem em seu pensamento, de forma desconexa e cotidiana. A escrita em fragmentos busca gerar uma descontinuidade fragmentada que, aos poucos, forma sentido, assim como se d\u00e1 o autoconhecimento e tamb\u00e9m a realiza\u00e7\u00e3o do trabalho manual. A partir desse conte\u00fado, revela-se uma cultura brasileira invis\u00edvel (das av\u00f3s e bisav\u00f3s e seus pequenos legados), e tamb\u00e9m de um estilo e forma criados para traduzirem o quebra-cabe\u00e7as que significa compreender a vida ao redor.<\/p>","protected":false},"featured_media":2439,"template":"","meta":[],"product_brand":[],"product_cat":[86],"product_tag":[],"class_list":{"0":"post-2446","1":"product","2":"type-product","3":"status-publish","4":"has-post-thumbnail","6":"product_cat-poesia","8":"first","9":"instock","10":"shipping-taxable","11":"purchasable","12":"product-type-simple"},"_links":{"self":[{"href":"https:\/\/novo.impressoesdeminas.com.br\/en\/wp-json\/wp\/v2\/product\/2446","targetHints":{"allow":["GET"]}}],"collection":[{"href":"https:\/\/novo.impressoesdeminas.com.br\/en\/wp-json\/wp\/v2\/product"}],"about":[{"href":"https:\/\/novo.impressoesdeminas.com.br\/en\/wp-json\/wp\/v2\/types\/product"}],"version-history":[{"count":1,"href":"https:\/\/novo.impressoesdeminas.com.br\/en\/wp-json\/wp\/v2\/product\/2446\/revisions"}],"predecessor-version":[{"id":2467,"href":"https:\/\/novo.impressoesdeminas.com.br\/en\/wp-json\/wp\/v2\/product\/2446\/revisions\/2467"}],"wp:featuredmedia":[{"embeddable":true,"href":"https:\/\/novo.impressoesdeminas.com.br\/en\/wp-json\/wp\/v2\/media\/2439"}],"wp:attachment":[{"href":"https:\/\/novo.impressoesdeminas.com.br\/en\/wp-json\/wp\/v2\/media?parent=2446"}],"wp:term":[{"taxonomy":"product_brand","embeddable":true,"href":"https:\/\/novo.impressoesdeminas.com.br\/en\/wp-json\/wp\/v2\/product_brand?post=2446"},{"taxonomy":"product_cat","embeddable":true,"href":"https:\/\/novo.impressoesdeminas.com.br\/en\/wp-json\/wp\/v2\/product_cat?post=2446"},{"taxonomy":"product_tag","embeddable":true,"href":"https:\/\/novo.impressoesdeminas.com.br\/en\/wp-json\/wp\/v2\/product_tag?post=2446"}],"curies":[{"name":"wp","href":"https:\/\/api.w.org\/{rel}","templated":true}]}}