{"id":2456,"date":"2025-10-24T17:19:43","date_gmt":"2025-10-24T17:19:43","guid":{"rendered":"https:\/\/novo.impressoesdeminas.com.br\/?post_type=product&#038;p=2456"},"modified":"2025-10-24T17:35:02","modified_gmt":"2025-10-24T17:35:02","slug":"graca","status":"publish","type":"product","link":"https:\/\/novo.impressoesdeminas.com.br\/en\/product\/graca\/","title":{"rendered":"Gra\u00e7a"},"content":{"rendered":"<p><span style=\"color: #cd2d28;\">dimens\u00f5es<\/span>\u2002 14 \u00d7 20 cm<\/p>\n<p><span style=\"color: #cd2d28;\">autor<\/span>\u2002Pedro Santos<\/p>\n<p><span style=\"color: #cd2d28;\">g\u00eanero<\/span>\u2002Poesia<\/p>\n<p><span style=\"color: #cd2d28;\">p\u00e1ginas<\/span>\u200256<\/p>\n<p><span style=\"color: #cd2d28;\">isbn<\/span>\u2002978-65-86729-92-2<\/p>\n<p><span style=\"color: #cd2d28;\">ano<\/span>\u20022025<\/p>\n<p><span style=\"color: #cd2d28;\">acabamento<\/span>\u2002P\u00e1ginas destac\u00e1veis<\/p>","protected":false},"excerpt":{"rendered":"<p><em>Gra\u00e7a<\/em> \u00e9 a terceira obra liter\u00e1ria da carreira de Pedro Santos. A hist\u00f3ria do livro consiste em um mergulho po\u00e9tico sobre a jornada do autoconhecimento humano. Os poemas comp\u00f5em um retrato singelo dos percal\u00e7os de um eu-l\u00edrico que se v\u00ea provocado e mediado pelos s\u00edmbolos que a psicologia, a psiquiatria e a psican\u00e1lise fornecem a ele no seu caminho de compreens\u00e3o e burilamento do seu sofrimento. Na sua travessia pela dor, o personagem principal do livro percebe que sustentar o riso, ter a leveza como inspira\u00e7\u00e3o, s\u00e3o gestos de uma sabedoria a ser cultivada, uma arte que requer uma intimidade com o tempo e uma profunda imers\u00e3o no entendimento do que \u00e9 sofrer, do que \u00e9 amar, do que \u00e9 ser livre.<\/p>","protected":false},"featured_media":2459,"template":"","meta":[],"product_brand":[],"product_cat":[86],"product_tag":[],"class_list":{"0":"post-2456","1":"product","2":"type-product","3":"status-publish","4":"has-post-thumbnail","6":"product_cat-poesia","8":"first","9":"instock","10":"shipping-taxable","11":"purchasable","12":"product-type-simple"},"_links":{"self":[{"href":"https:\/\/novo.impressoesdeminas.com.br\/en\/wp-json\/wp\/v2\/product\/2456","targetHints":{"allow":["GET"]}}],"collection":[{"href":"https:\/\/novo.impressoesdeminas.com.br\/en\/wp-json\/wp\/v2\/product"}],"about":[{"href":"https:\/\/novo.impressoesdeminas.com.br\/en\/wp-json\/wp\/v2\/types\/product"}],"version-history":[{"count":1,"href":"https:\/\/novo.impressoesdeminas.com.br\/en\/wp-json\/wp\/v2\/product\/2456\/revisions"}],"predecessor-version":[{"id":2465,"href":"https:\/\/novo.impressoesdeminas.com.br\/en\/wp-json\/wp\/v2\/product\/2456\/revisions\/2465"}],"wp:featuredmedia":[{"embeddable":true,"href":"https:\/\/novo.impressoesdeminas.com.br\/en\/wp-json\/wp\/v2\/media\/2459"}],"wp:attachment":[{"href":"https:\/\/novo.impressoesdeminas.com.br\/en\/wp-json\/wp\/v2\/media?parent=2456"}],"wp:term":[{"taxonomy":"product_brand","embeddable":true,"href":"https:\/\/novo.impressoesdeminas.com.br\/en\/wp-json\/wp\/v2\/product_brand?post=2456"},{"taxonomy":"product_cat","embeddable":true,"href":"https:\/\/novo.impressoesdeminas.com.br\/en\/wp-json\/wp\/v2\/product_cat?post=2456"},{"taxonomy":"product_tag","embeddable":true,"href":"https:\/\/novo.impressoesdeminas.com.br\/en\/wp-json\/wp\/v2\/product_tag?post=2456"}],"curies":[{"name":"wp","href":"https:\/\/api.w.org\/{rel}","templated":true}]}}