{"id":2469,"date":"2025-10-24T18:02:17","date_gmt":"2025-10-24T18:02:17","guid":{"rendered":"https:\/\/novo.impressoesdeminas.com.br\/?post_type=product&#038;p=2469"},"modified":"2025-10-24T18:05:47","modified_gmt":"2025-10-24T18:05:47","slug":"encerrado","status":"publish","type":"product","link":"https:\/\/novo.impressoesdeminas.com.br\/en\/product\/encerrado\/","title":{"rendered":"EnCerrado"},"content":{"rendered":"<p><span style=\"color: #cd2d28;\">dimens\u00f5es<\/span>\u200214 \u00d7 20 cm<\/p>\n<p><span style=\"color: #cd2d28;\">autor<\/span>\u2002Nicolas Behr<\/p>\n<p><span style=\"color: #cd2d28;\">g\u00eanero<\/span>\u2002Poesia<\/p>\n<p><span style=\"color: #cd2d28;\">p\u00e1ginas<\/span>\u2002104<\/p>\n<p><span style=\"color: #cd2d28;\">isbn<\/span>\u2002978-85-63612-93-9<\/p>\n<p><span style=\"color: #cd2d28;\">ano<\/span>\u20022024<\/p>\n<p><span style=\"color: #cd2d28;\">acabamento<\/span>\u2002Relevo tipogr\u00e1fico na capa<\/p>","protected":false},"excerpt":{"rendered":"<p>O livro <em>EnCerrado<\/em> \u00e9 uma tradu\u00e7\u00e3o po\u00e9tica de todo o conhecimento acumulado por Nicolas Behr na sua viv\u00eancia com o nosso rico cerrado. Com uma linguagem clara e direta, que o caracteriza, o poeta alerta contra o fim desse bioma t\u00e3o estrat\u00e9gico para o Brasil, seja na gera\u00e7\u00e3o de energia el\u00e9trica quanto na produ\u00e7\u00e3o de alimentos.<\/p>\n<p>Nascido em Cuiab\u00e1, MT, a capital do agroneg\u00f3cio, o poeta foi criado em uma fazenda no norte do estado, em Diamantino. Nicolas Behr teve, desde a inf\u00e2ncia, um contato muito pr\u00f3ximo com a flora e a fauna da savana com a maior diversidade biol\u00f3gica em todo o mundo. Jovem, mudou-se para Bras\u00edlia, tamb\u00e9m no cerrado, no come\u00e7o dos anos 1970, e na capital come\u00e7ou a\u00a0 produzir livrinhos mimeografados, fazendo parte da chamada poesia marginal. Logo se engajou no movimento ecol\u00f3gico no in\u00edcio dos anos 1980, fundou ONGs de defesa do meio ambiente e foi trabalhar na Funda\u00e7\u00e3o Pr\u00f3-Natureza. Nesse per\u00edodo tinha como hobby a produ\u00e7\u00e3o de mudas de esp\u00e9cies nativas do cerrado, passando, no come\u00e7o dos anos 1990, a sobreviver de um viveiro de mudas, o Pau-Bras\u00edlia, at\u00e9 hoje em atividade.<\/p>\n<p>Com texto de apresenta\u00e7\u00e3o do jornalista e escritor Carlos Marcelo, fotografias de Truman Macedo e projeto gr\u00e1fico de M\u00e1rio Vin\u00edcius, o livro\u00a0<em>EnCerrado<\/em>\u00a0traz, entre poemas apocal\u00edpticos e versos encantados, uma reflex\u00e3o sobre o nosso futuro comum: a sobreviv\u00eancia da esp\u00e9cie humana neste planeta.<\/p>","protected":false},"featured_media":2472,"template":"","meta":[],"product_brand":[],"product_cat":[86],"product_tag":[],"class_list":{"0":"post-2469","1":"product","2":"type-product","3":"status-publish","4":"has-post-thumbnail","6":"product_cat-poesia","8":"first","9":"instock","10":"shipping-taxable","11":"purchasable","12":"product-type-simple"},"_links":{"self":[{"href":"https:\/\/novo.impressoesdeminas.com.br\/en\/wp-json\/wp\/v2\/product\/2469","targetHints":{"allow":["GET"]}}],"collection":[{"href":"https:\/\/novo.impressoesdeminas.com.br\/en\/wp-json\/wp\/v2\/product"}],"about":[{"href":"https:\/\/novo.impressoesdeminas.com.br\/en\/wp-json\/wp\/v2\/types\/product"}],"version-history":[{"count":1,"href":"https:\/\/novo.impressoesdeminas.com.br\/en\/wp-json\/wp\/v2\/product\/2469\/revisions"}],"predecessor-version":[{"id":2482,"href":"https:\/\/novo.impressoesdeminas.com.br\/en\/wp-json\/wp\/v2\/product\/2469\/revisions\/2482"}],"wp:featuredmedia":[{"embeddable":true,"href":"https:\/\/novo.impressoesdeminas.com.br\/en\/wp-json\/wp\/v2\/media\/2472"}],"wp:attachment":[{"href":"https:\/\/novo.impressoesdeminas.com.br\/en\/wp-json\/wp\/v2\/media?parent=2469"}],"wp:term":[{"taxonomy":"product_brand","embeddable":true,"href":"https:\/\/novo.impressoesdeminas.com.br\/en\/wp-json\/wp\/v2\/product_brand?post=2469"},{"taxonomy":"product_cat","embeddable":true,"href":"https:\/\/novo.impressoesdeminas.com.br\/en\/wp-json\/wp\/v2\/product_cat?post=2469"},{"taxonomy":"product_tag","embeddable":true,"href":"https:\/\/novo.impressoesdeminas.com.br\/en\/wp-json\/wp\/v2\/product_tag?post=2469"}],"curies":[{"name":"wp","href":"https:\/\/api.w.org\/{rel}","templated":true}]}}