{"id":2483,"date":"2025-10-24T18:22:02","date_gmt":"2025-10-24T18:22:02","guid":{"rendered":"https:\/\/novo.impressoesdeminas.com.br\/?post_type=product&#038;p=2483"},"modified":"2025-10-24T18:25:21","modified_gmt":"2025-10-24T18:25:21","slug":"desdobrar-leminski","status":"publish","type":"product","link":"https:\/\/novo.impressoesdeminas.com.br\/en\/product\/desdobrar-leminski\/","title":{"rendered":"Desdobrar Leminski"},"content":{"rendered":"<p><span style=\"color: #cd2d28;\">dimens\u00f5es<\/span>\u200213 \u00d7 18 cm<\/p>\n<p><span style=\"color: #cd2d28;\">autor<\/span>\u2002Tarso de Melo<\/p>\n<p><span style=\"color: #cd2d28;\">g\u00eanero<\/span>\u2002Cr\u00edtica liter\u00e1ria, Ensaio<\/p>\n<p><span style=\"color: #cd2d28;\">p\u00e1ginas<\/span>\u200256<\/p>\n<p><span style=\"color: #cd2d28;\">isbn<\/span>\u2002978-85-63612-97-7<\/p>\n<p><span style=\"color: #cd2d28;\">ano<\/span>\u20022024<\/p>\n<p><span style=\"color: #cd2d28;\">acabamento<\/span>\u2002Caixa como sobrecapa<\/p>","protected":false},"excerpt":{"rendered":"<p><strong><span style=\"color: #cd2d28;\">Sobre o livro<\/span><\/strong><\/p>\n<p>A obra po\u00e9tica de Paulo Leminski (1944-1989) \u00e9 uma das mais admir\u00e1veis e instigantes do s\u00e9culo XX no Brasil. Fazendo cr\u00edtica, fic\u00e7\u00e3o, tradu\u00e7\u00e3o, biografias, ensaios e, mais que tudo, poesia, o poeta curitibano fez e faz gera\u00e7\u00f5es de leitores apaixonados desde os anos 1970 e, mesmo tendo desaparecido t\u00e3o novo e h\u00e1 tanto tempo, chega ao nosso tempo com o mesmo frescor, a mesma for\u00e7a. Nesse pequeno livro, que abre a cole\u00e7\u00e3o Desdobrar, o poeta Tarso de Melo \u2014 que se apaixonou pela poesia de Leminski na adolesc\u00eancia e, desde ent\u00e3o, \u00e9 um dedicado e empolgado estudioso de sua obra \u2014 nos conduz pelos m\u00faltiplos sentidos dessa figura que n\u00e3o apenas agita os poetas e a cr\u00edtica, mas consegue, numa escala rara para a poesia, despertar nos leitores um desejo profundo de viver entre as palavras. O livro traz um pequeno perfil biogr\u00e1fico de Leminski e a apresenta\u00e7\u00e3o das obras publicadas por ele, seguindo-se uma reflex\u00e3o sobre as principais caracter\u00edsticas dessa obra e seus sentidos na atualidade. Por fim, o volume cont\u00e9m uma bibliografia de e sobre o poeta, para que o leitor fa\u00e7a sua pr\u00f3pria viagem. \u00c9 s\u00f3 o come\u00e7o.<\/p>\n<p><strong><span style=\"color: #cd2d28;\">Uma frase de Leminski<\/span><\/strong><\/p>\n<p>\u201cPor que os povos amam seus poetas? \u00c9 porque os povos precisam disso. Os poetas dizem uma coisa que as pessoas precisam que seja dita. O poeta n\u00e3o \u00e9 um ser de luxo, ele n\u00e3o \u00e9 uma excresc\u00eancia ornamental, ele \u00e9 uma necessidade org\u00e2nica de uma sociedade. A sociedade precisa daquilo, daquela loucura para respirar. \u00c9 atrav\u00e9s da loucura dos poetas, atrav\u00e9s da ruptura que eles representam, que a sociedade respira.\u201d Paulo Leminski<\/p>\n<p><strong><span style=\"color: #cd2d28;\">Sobre o autor<\/span><\/strong><\/p>\n<p>Tarso de Melo (1976) \u00e9 poeta e editor. Coordena o C\u00edrculo de Poemas, cole\u00e7\u00e3o de poesia da editora F\u00f3sforo. Doutor em Filosofia do Direito pela USP, atualmente realiza p\u00f3s-doutorado em teoria liter\u00e1ria na UNICAMP, estudando a obra de Paulo Leminski. \u00c9 autor de\u00a0<em>Rastros: antologia po\u00e9tica 1999-2018<\/em>\u00a0(martelo casa editorial, 2019) e\u00a0<em>As formas selvagens da alegria<\/em>\u00a0(Alpharrabio, 2022), entre outros livros. Pela Impress\u00f5es de Minas, lan\u00e7ou\u00a0<em>Um mergulho e seu avesso<\/em>\u00a0(com Alberto Pucheu, 2022) e organizou\u00a0<em>S\u00f3 quero saber do que pode dar certo<\/em>\u00a0(com Thiago E, 2024).<\/p>\n<p><strong><span style=\"color: #cd2d28;\">Sobre a cole\u00e7\u00e3o<\/span><\/strong><\/p>\n<p>A Cole\u00e7\u00e3o Desdobrar re\u00fane pequenos perfis e interpreta\u00e7\u00f5es de alguns dos principais poetas, ficcionistas e ensa\u00edstas brasileiros e estrangeiros. Os livros, escritos por estudiosos, cont\u00eam uma pequena biografia, seguida de um ensaio sobre a obra e de uma bibliografia de e sobre os autores. O objetivo da cole\u00e7\u00e3o \u00e9 oferecer, em vers\u00e3o curta, aguda e competente, um guia de leitura para obras que s\u00e3o t\u00e3o fundamentais quanto complexas. S\u00e3o pequenos livros que servem como um convite, um apoio, um mapa. Uma conversa que come\u00e7a aqui \u2014 e se desdobra infinitamente.<\/p>","protected":false},"featured_media":2487,"template":"","meta":[],"product_brand":[],"product_cat":[87,88],"product_tag":[],"class_list":{"0":"post-2483","1":"product","2":"type-product","3":"status-publish","4":"has-post-thumbnail","6":"product_cat-critica-literaria","7":"product_cat-ensaio","9":"first","10":"instock","11":"shipping-taxable","12":"purchasable","13":"product-type-simple"},"_links":{"self":[{"href":"https:\/\/novo.impressoesdeminas.com.br\/en\/wp-json\/wp\/v2\/product\/2483","targetHints":{"allow":["GET"]}}],"collection":[{"href":"https:\/\/novo.impressoesdeminas.com.br\/en\/wp-json\/wp\/v2\/product"}],"about":[{"href":"https:\/\/novo.impressoesdeminas.com.br\/en\/wp-json\/wp\/v2\/types\/product"}],"version-history":[{"count":1,"href":"https:\/\/novo.impressoesdeminas.com.br\/en\/wp-json\/wp\/v2\/product\/2483\/revisions"}],"predecessor-version":[{"id":2501,"href":"https:\/\/novo.impressoesdeminas.com.br\/en\/wp-json\/wp\/v2\/product\/2483\/revisions\/2501"}],"wp:featuredmedia":[{"embeddable":true,"href":"https:\/\/novo.impressoesdeminas.com.br\/en\/wp-json\/wp\/v2\/media\/2487"}],"wp:attachment":[{"href":"https:\/\/novo.impressoesdeminas.com.br\/en\/wp-json\/wp\/v2\/media?parent=2483"}],"wp:term":[{"taxonomy":"product_brand","embeddable":true,"href":"https:\/\/novo.impressoesdeminas.com.br\/en\/wp-json\/wp\/v2\/product_brand?post=2483"},{"taxonomy":"product_cat","embeddable":true,"href":"https:\/\/novo.impressoesdeminas.com.br\/en\/wp-json\/wp\/v2\/product_cat?post=2483"},{"taxonomy":"product_tag","embeddable":true,"href":"https:\/\/novo.impressoesdeminas.com.br\/en\/wp-json\/wp\/v2\/product_tag?post=2483"}],"curies":[{"name":"wp","href":"https:\/\/api.w.org\/{rel}","templated":true}]}}