{"id":2502,"date":"2025-10-24T18:40:13","date_gmt":"2025-10-24T18:40:13","guid":{"rendered":"https:\/\/novo.impressoesdeminas.com.br\/?post_type=product&#038;p=2502"},"modified":"2025-10-24T18:40:54","modified_gmt":"2025-10-24T18:40:54","slug":"a-mosca-volta-a-pousar-sobre-a-ferida-aberta-apos-a-quarta-feira","status":"publish","type":"product","link":"https:\/\/novo.impressoesdeminas.com.br\/en\/product\/a-mosca-volta-a-pousar-sobre-a-ferida-aberta-apos-a-quarta-feira\/","title":{"rendered":"A mosca volta a pousar sobre a ferida aberta ap\u00f3s a quarta-feira"},"content":{"rendered":"<p><span style=\"color: #cd2d28;\">dimens\u00f5es<\/span>\u200214 \u00d7 20 cm<\/p>\n<p><span style=\"color: #cd2d28;\">autora<\/span>\u2002Gabriela Pereira de Freitas<\/p>\n<p><span style=\"color: #cd2d28;\">g\u00eanero<\/span>\u2002Poesia<\/p>\n<p><span style=\"color: #cd2d28;\">p\u00e1ginas<\/span>\u2002128<\/p>\n<p><span style=\"color: #cd2d28;\">isbn<\/span>\u2002978-85-63612-88-5<\/p>\n<p><span style=\"color: #cd2d28;\">ano<\/span>\u20022024<\/p>\n<p><span style=\"color: #cd2d28;\">acabamento<\/span>\u2002Faca especial<\/p>","protected":false},"excerpt":{"rendered":"<p><em>A mosca volta a pousar sobre a ferida aberta ap\u00f3s a quarta-feira<\/em> \u00e9 um livro que re\u00fane poesias escritas ao longo de muitos anos. A ideia central do livro surgiu a partir da percep\u00e7\u00e3o que o universo do carnaval era um tema importante e frequente em muitos poemas. N\u00e3o a no\u00e7\u00e3o superficial do carnaval, apenas ligada \u00e0 folia, mas tamb\u00e9m seu papel hist\u00f3rico, social, cultural, pol\u00edtico e est\u00e9tico. O carnaval como resist\u00eancia e afirma\u00e7\u00e3o da vida. A ansiedade para a chegada do carnaval, a euforia e a fantasias vividas durante os dias dos festejos e a frustra\u00e7\u00e3o em saber que a tudo volta ao normal ap\u00f3s a quarta-feira de cinzas deu origem n\u00e3o s\u00f3 ao t\u00edtulo, mas tamb\u00e9m \u00e0 organiza\u00e7\u00e3o do livro em dias da semana, come\u00e7ando na quinta-feira anterior at\u00e9 a quinta-feira posterior ao carnaval. Os poemas foram selecionados conforme o sentimento que toma conta de cada um dos dias da semana que perpassa o per\u00edodo festivo. Al\u00e9m disso, para cada dia da semana h\u00e1 uma indica\u00e7\u00e3o de uma m\u00fasica de Chico Buarque relacionada ao carnaval e que refor\u00e7a essa sensa\u00e7\u00e3o, preparando o terreno para os sentimentos que vir\u00e3o a seguir. Os poemas falam de quest\u00f5es existenciais, sobre o desejo, as alegrias e tristezas do amor e da descoberta de si. H\u00e1, nos poemas, um processo claro de constru\u00e7\u00e3o de uma subjetividade feminina que desafia os limites sobre o quanto pode ou tem direito a desejar em uma sociedade, sabemos, infelizmente ainda t\u00e3o mis\u00f3gina. O leitor e a leitora, portanto, s\u00e3o convidados a tamb\u00e9m pensar sobre sua pr\u00f3pria vida e seus desejos, sobre aquilo que faz pulsar, mesmo em face ao desamparo da exist\u00eancia.<\/p>","protected":false},"featured_media":2505,"template":"","meta":[],"product_brand":[],"product_cat":[86],"product_tag":[],"class_list":{"0":"post-2502","1":"product","2":"type-product","3":"status-publish","4":"has-post-thumbnail","6":"product_cat-poesia","8":"first","9":"instock","10":"shipping-taxable","11":"purchasable","12":"product-type-simple"},"_links":{"self":[{"href":"https:\/\/novo.impressoesdeminas.com.br\/en\/wp-json\/wp\/v2\/product\/2502","targetHints":{"allow":["GET"]}}],"collection":[{"href":"https:\/\/novo.impressoesdeminas.com.br\/en\/wp-json\/wp\/v2\/product"}],"about":[{"href":"https:\/\/novo.impressoesdeminas.com.br\/en\/wp-json\/wp\/v2\/types\/product"}],"version-history":[{"count":1,"href":"https:\/\/novo.impressoesdeminas.com.br\/en\/wp-json\/wp\/v2\/product\/2502\/revisions"}],"predecessor-version":[{"id":2515,"href":"https:\/\/novo.impressoesdeminas.com.br\/en\/wp-json\/wp\/v2\/product\/2502\/revisions\/2515"}],"wp:featuredmedia":[{"embeddable":true,"href":"https:\/\/novo.impressoesdeminas.com.br\/en\/wp-json\/wp\/v2\/media\/2505"}],"wp:attachment":[{"href":"https:\/\/novo.impressoesdeminas.com.br\/en\/wp-json\/wp\/v2\/media?parent=2502"}],"wp:term":[{"taxonomy":"product_brand","embeddable":true,"href":"https:\/\/novo.impressoesdeminas.com.br\/en\/wp-json\/wp\/v2\/product_brand?post=2502"},{"taxonomy":"product_cat","embeddable":true,"href":"https:\/\/novo.impressoesdeminas.com.br\/en\/wp-json\/wp\/v2\/product_cat?post=2502"},{"taxonomy":"product_tag","embeddable":true,"href":"https:\/\/novo.impressoesdeminas.com.br\/en\/wp-json\/wp\/v2\/product_tag?post=2502"}],"curies":[{"name":"wp","href":"https:\/\/api.w.org\/{rel}","templated":true}]}}