{"id":2516,"date":"2025-10-24T18:52:06","date_gmt":"2025-10-24T18:52:06","guid":{"rendered":"https:\/\/novo.impressoesdeminas.com.br\/?post_type=product&#038;p=2516"},"modified":"2025-10-24T18:52:06","modified_gmt":"2025-10-24T18:52:06","slug":"cabeca-de-sol-em-cima-do-trem","status":"publish","type":"product","link":"https:\/\/novo.impressoesdeminas.com.br\/en\/product\/cabeca-de-sol-em-cima-do-trem\/","title":{"rendered":"Cabe\u00e7a de sol em cima do trem"},"content":{"rendered":"<p><span style=\"color: #cd2d28;\">dimens\u00f5es<\/span>\u200215 \u00d7 15 cm<\/p>\n<p><span style=\"color: #cd2d28;\">autor<\/span>\u2002Thiago E<\/p>\n<p><span style=\"color: #cd2d28;\">g\u00eanero<\/span>\u2002Poesia<\/p>\n<p><span style=\"color: #cd2d28;\">p\u00e1ginas<\/span>\u200272<\/p>\n<p><span style=\"color: #cd2d28;\">acabamento<\/span>\u2002Cantos arredondados, Faca especial<\/p>\n<p><span style=\"color: #cd2d28;\">ano<\/span>\u20022024<\/p>\n<p><span style=\"color: #cd2d28;\">isbn<\/span>\u2002978-65-86729-88-7<\/p>","protected":false},"excerpt":{"rendered":"<p>\u201cA poesia de Thiago E \u00e9 corpo e coisa. Como essa carna\u00e7\u00e3o do sol, essa cabe\u00e7a, aboletada nesse trem (pra que Catende ele vai, assim, t\u00e3o danado?). Corpo: um corpo animal, insubmisso, molusco e l\u00edngua viva. Coisa: a traquitana da m\u00e1quina, essa mesma, a de palavras. Palavras num giro po\u00e9tico, em estado transante, de transe e transa\u00e7\u00e3o. A l\u00edngua, quem sabe?, da inf\u00e2ncia. Thiago E inventa, gira as palavras num caleidosc\u00f3pio, acessa a l\u00edngua (de novo ela) desse idioma (poiesis). E conversa com a tradi\u00e7\u00e3o, h\u00e1 que se dizer. E ri com a tradi\u00e7\u00e3o, coisa muito importante, ali\u00e1s, de se fazer na presen\u00e7a dela. O poeta investiga, se lan\u00e7a, assume o risco, faz uma poesia m\u00f3vel, transparente, inquieta e com vontade de chegar. E chega nas franjas da encosta, o tra\u00e7o, o raio da palavra.\u201d (Texto de Micheliny Verunschk para a orelha do livro)<\/p>","protected":false},"featured_media":2528,"template":"","meta":[],"product_brand":[],"product_cat":[86],"product_tag":[],"class_list":{"0":"post-2516","1":"product","2":"type-product","3":"status-publish","4":"has-post-thumbnail","6":"product_cat-poesia","8":"first","9":"instock","10":"shipping-taxable","11":"purchasable","12":"product-type-simple"},"_links":{"self":[{"href":"https:\/\/novo.impressoesdeminas.com.br\/en\/wp-json\/wp\/v2\/product\/2516","targetHints":{"allow":["GET"]}}],"collection":[{"href":"https:\/\/novo.impressoesdeminas.com.br\/en\/wp-json\/wp\/v2\/product"}],"about":[{"href":"https:\/\/novo.impressoesdeminas.com.br\/en\/wp-json\/wp\/v2\/types\/product"}],"version-history":[{"count":0,"href":"https:\/\/novo.impressoesdeminas.com.br\/en\/wp-json\/wp\/v2\/product\/2516\/revisions"}],"wp:featuredmedia":[{"embeddable":true,"href":"https:\/\/novo.impressoesdeminas.com.br\/en\/wp-json\/wp\/v2\/media\/2528"}],"wp:attachment":[{"href":"https:\/\/novo.impressoesdeminas.com.br\/en\/wp-json\/wp\/v2\/media?parent=2516"}],"wp:term":[{"taxonomy":"product_brand","embeddable":true,"href":"https:\/\/novo.impressoesdeminas.com.br\/en\/wp-json\/wp\/v2\/product_brand?post=2516"},{"taxonomy":"product_cat","embeddable":true,"href":"https:\/\/novo.impressoesdeminas.com.br\/en\/wp-json\/wp\/v2\/product_cat?post=2516"},{"taxonomy":"product_tag","embeddable":true,"href":"https:\/\/novo.impressoesdeminas.com.br\/en\/wp-json\/wp\/v2\/product_tag?post=2516"}],"curies":[{"name":"wp","href":"https:\/\/api.w.org\/{rel}","templated":true}]}}