{"id":2531,"date":"2025-10-24T19:00:45","date_gmt":"2025-10-24T19:00:45","guid":{"rendered":"https:\/\/novo.impressoesdeminas.com.br\/?post_type=product&#038;p=2531"},"modified":"2026-02-05T16:01:50","modified_gmt":"2026-02-05T16:01:50","slug":"algo-anti-como-alvo","status":"publish","type":"product","link":"https:\/\/novo.impressoesdeminas.com.br\/en\/product\/algo-anti-como-alvo\/","title":{"rendered":"Algo anti como alvo"},"content":{"rendered":"","protected":false},"excerpt":{"rendered":"<p>Natural de Jo\u00e3o Monlevade\/MG, 1958, Carlos Augusto Novais \u00e9 poeta, editor e professor da Faculdade de Educa\u00e7\u00e3o da UFMG. Participou, em Belo Horizonte, dos grupos\/revistas de poesia Alegria Blues Banda, Aqui \u00d3, Cemflores Pirata (Edi\u00e7\u00f5es Cemflores, 1978-1982; 2017), DezXDez (1994-1996), Associa\u00e7\u00e3o Cultural Pandora (1997-1999). Coorganizador da cole\u00e7\u00e3o Poesia Orbital (1997: 62 livros), da Mostra Po\u00e9tica de Belo Horizonte (1994-1996: 10 fasc\u00edculos), Salto de Tigre: mini-antologia da poesia contempor\u00e2nea de Belo Horizonte (1994), e da Antologia Dezfaces (2008). Coeditor dos jornais Inferno (1998-1999) e Dezfaces (2006-2011), de poesia e po\u00e9tica experimentais. Livros de poesia: Pragiz\u00e9lia (1980), A de palavra (1989), Alvo. S. m. (1997), Algo (2022), XXV \u00d3rbitas (com M\u00e1rio Alex, 2024). Participa\u00e7\u00e3o em Antologias: Salto de Tigre (1994); O melhor da Poesia Brasileira \u2013 Minas Gerais (2002); Dezfaces (2008); Entrelinhas, entremontes \u2013 versos contempor\u00e2neos de Belo Horizonte (2020). CD de poesia (em parceria): Cacograma (2001).<\/p>\n<div class=\"fio-separador\"><\/div>\n<p><span style=\"color: #cd2d28;\">dimens\u00f5es<\/span>\u200215 \u00d7 21 cm<\/p>\n<p><span style=\"color: #cd2d28;\">autor<\/span>\u2002Carlos Augusto Novais<\/p>\n<p><span style=\"color: #cd2d28;\">g\u00eanero<\/span>\u2002Poesia<\/p>\n<p><span style=\"color: #cd2d28;\">p\u00e1ginas<\/span>\u2002108<\/p>\n<p><span style=\"color: #cd2d28;\">ano<\/span>\u20022025<\/p>","protected":false},"featured_media":2530,"template":"","meta":[],"product_brand":[],"product_cat":[91],"product_tag":[90],"class_list":{"0":"post-2531","1":"product","2":"type-product","3":"status-publish","4":"has-post-thumbnail","6":"product_cat-carlos-augusto-novais","7":"product_tag-poesia","9":"first","10":"instock","11":"shipping-taxable","12":"purchasable","13":"product-type-simple"},"_links":{"self":[{"href":"https:\/\/novo.impressoesdeminas.com.br\/en\/wp-json\/wp\/v2\/product\/2531","targetHints":{"allow":["GET"]}}],"collection":[{"href":"https:\/\/novo.impressoesdeminas.com.br\/en\/wp-json\/wp\/v2\/product"}],"about":[{"href":"https:\/\/novo.impressoesdeminas.com.br\/en\/wp-json\/wp\/v2\/types\/product"}],"version-history":[{"count":4,"href":"https:\/\/novo.impressoesdeminas.com.br\/en\/wp-json\/wp\/v2\/product\/2531\/revisions"}],"predecessor-version":[{"id":3160,"href":"https:\/\/novo.impressoesdeminas.com.br\/en\/wp-json\/wp\/v2\/product\/2531\/revisions\/3160"}],"wp:featuredmedia":[{"embeddable":true,"href":"https:\/\/novo.impressoesdeminas.com.br\/en\/wp-json\/wp\/v2\/media\/2530"}],"wp:attachment":[{"href":"https:\/\/novo.impressoesdeminas.com.br\/en\/wp-json\/wp\/v2\/media?parent=2531"}],"wp:term":[{"taxonomy":"product_brand","embeddable":true,"href":"https:\/\/novo.impressoesdeminas.com.br\/en\/wp-json\/wp\/v2\/product_brand?post=2531"},{"taxonomy":"product_cat","embeddable":true,"href":"https:\/\/novo.impressoesdeminas.com.br\/en\/wp-json\/wp\/v2\/product_cat?post=2531"},{"taxonomy":"product_tag","embeddable":true,"href":"https:\/\/novo.impressoesdeminas.com.br\/en\/wp-json\/wp\/v2\/product_tag?post=2531"}],"curies":[{"name":"wp","href":"https:\/\/api.w.org\/{rel}","templated":true}]}}