{"id":2541,"date":"2025-10-24T19:13:22","date_gmt":"2025-10-24T19:13:22","guid":{"rendered":"https:\/\/novo.impressoesdeminas.com.br\/?post_type=product&#038;p=2541"},"modified":"2026-02-05T13:32:59","modified_gmt":"2026-02-05T13:32:59","slug":"planeta-errante","status":"publish","type":"product","link":"https:\/\/novo.impressoesdeminas.com.br\/en\/product\/planeta-errante\/","title":{"rendered":"Planeta errante"},"content":{"rendered":"","protected":false},"excerpt":{"rendered":"<p>\u201cPlaneta errante\u201d, o terceiro livro da poeta Amanda Ribeiro, parte de uma not\u00edcia de jornal e de conceitos da astronomia para nos fazer refletir sobre algumas rela\u00e7\u00f5es \u2014 das mundanas \u00e0s gal\u00e1ticas. Um livro-objeto que pode ser lido, contemplado e completado por cada um que entrar nessa viagem pelos espa\u00e7os-tempos da mat\u00e9ria sutil. Amanda Ribeiro nasceu em Belo Horizonte em 1989. \u00c9 poeta, videopoeta, professora e pesquisadora. Autora de \u201cLivre \u00e9 abelha\u201d (Impress\u00f5es de Minas, 2018) e \u201cM\u00e1quina de costurar concreto\u201d (Peir\u00f3polis, 2022). Gosta dos astros celestes, de bater perna pela cidade e de curvar espa\u00e7os-tempos ao seu redor.<\/p>\n<div class=\"fio-separador\"><\/div>\n<p><span style=\"color: #cd2d28;\">Dimens\u00f5es<\/span>\u200214.5 \u00d7 18 cm<\/p>\n<p><span style=\"color: #cd2d28;\">Autora<\/span>\u2002Amanda Ribeiro<\/p>\n<p><span style=\"color: #cd2d28;\">G\u00eanero<\/span>\u2002Poesia<\/p>\n<p><span style=\"color: #cd2d28;\">P\u00e1ginas<\/span>\u200224<\/p>\n<p><span style=\"color: #cd2d28;\">isbn<\/span>\u2002978-85-63612-89-2<\/p>\n<p><span style=\"color: #cd2d28;\">ano<\/span>\u20022025<\/p>","protected":false},"featured_media":2544,"template":"","meta":[],"product_brand":[],"product_cat":[89],"product_tag":[90],"class_list":{"0":"post-2541","1":"product","2":"type-product","3":"status-publish","4":"has-post-thumbnail","6":"product_cat-amanda-ribeiro","7":"product_tag-poesia","9":"first","10":"instock","11":"shipping-taxable","12":"purchasable","13":"product-type-simple"},"_links":{"self":[{"href":"https:\/\/novo.impressoesdeminas.com.br\/en\/wp-json\/wp\/v2\/product\/2541","targetHints":{"allow":["GET"]}}],"collection":[{"href":"https:\/\/novo.impressoesdeminas.com.br\/en\/wp-json\/wp\/v2\/product"}],"about":[{"href":"https:\/\/novo.impressoesdeminas.com.br\/en\/wp-json\/wp\/v2\/types\/product"}],"version-history":[{"count":10,"href":"https:\/\/novo.impressoesdeminas.com.br\/en\/wp-json\/wp\/v2\/product\/2541\/revisions"}],"predecessor-version":[{"id":2985,"href":"https:\/\/novo.impressoesdeminas.com.br\/en\/wp-json\/wp\/v2\/product\/2541\/revisions\/2985"}],"wp:featuredmedia":[{"embeddable":true,"href":"https:\/\/novo.impressoesdeminas.com.br\/en\/wp-json\/wp\/v2\/media\/2544"}],"wp:attachment":[{"href":"https:\/\/novo.impressoesdeminas.com.br\/en\/wp-json\/wp\/v2\/media?parent=2541"}],"wp:term":[{"taxonomy":"product_brand","embeddable":true,"href":"https:\/\/novo.impressoesdeminas.com.br\/en\/wp-json\/wp\/v2\/product_brand?post=2541"},{"taxonomy":"product_cat","embeddable":true,"href":"https:\/\/novo.impressoesdeminas.com.br\/en\/wp-json\/wp\/v2\/product_cat?post=2541"},{"taxonomy":"product_tag","embeddable":true,"href":"https:\/\/novo.impressoesdeminas.com.br\/en\/wp-json\/wp\/v2\/product_tag?post=2541"}],"curies":[{"name":"wp","href":"https:\/\/api.w.org\/{rel}","templated":true}]}}